{"id":85,"date":"2024-02-10T19:09:21","date_gmt":"2024-02-10T19:09:21","guid":{"rendered":"https:\/\/www.amazing.bet\/vn\/?page_id=85"},"modified":"2024-02-10T19:09:22","modified_gmt":"2024-02-10T19:09:22","slug":"about-us","status":"publish","type":"page","link":"https:\/\/www.amazing.bet\/vn\/about-us\/","title":{"rendered":"Gi\u1edbi thi\u1ec7u AmazingBet"},"content":{"rendered":"\n<p>AmazingBet l\u00e0 m\u1ed9t trang tin t\u1ee9c n\u01a1i b\u1ea1n \u0111\u1ecdc c\u00f3 th\u1ec3 truy c\u1eadp t\u1eebng gi\u1edd \u0111\u1ec3 c\u1eadp nh\u1eadt nh\u1eefng th\u00f4ng tin m\u1edbi nh\u1ea5t v\u1ec1 th\u1ec3 thao t\u1ea1i Vi\u1ec7t Nam v\u00e0 th\u1ebf gi\u1edbi. \u0110\u00e2y l\u00e0 m\u1ed9t \u0111\u1ecba ch\u1ec9 \u0111\u00e1ng tin c\u1eady d\u00e0nh cho t\u1ea5t c\u1ea3 nh\u1eefng ai mu\u1ed1n c\u00e1 c\u01b0\u1ee3c online hi\u1ec7u qu\u1ea3, an to\u00e0n.&nbsp;<\/p>\n\n\n\n<h2 class=\"wp-block-heading\">Ch\u00fang t\u00f4i l\u00e0 ai?<\/h2>\n\n\n\n<p>\u0110\u1ed1i v\u1edbi nh\u1eefng c\u01b0\u1ee3c th\u1ee7 online th\u00ec vi\u1ec7c t\u00ecm ki\u1ebfm th\u00f4ng tin nhanh ch\u00f3ng v\u00e0 ch\u00ednh x\u00e1c l\u00e0 \u0111i\u1ec1u c\u1ef1c k\u1ef3 quan tr\u1ecdng. V\u00ec v\u1eady, ch\u00fang t\u00f4i x\u00e2y d\u1ef1ng website \u0111\u1ec3 gi\u00fap b\u1ea1n c\u00f3 \u0111\u01b0\u1ee3c nh\u1eefng ki\u1ebfn th\u1ee9c c\u1ea7n thi\u1ebft cho m\u00ecnh. AmazingBet \u0111\u01b0\u1ee3c ra \u0111\u1eddi b\u1edfi c\u00e1c chuy\u00ean gia gi\u00e0u kinh nghi\u1ec7m trong l\u0129nh v\u1ef1c c\u00e1 c\u01b0\u1ee3c online. T\u1ea1i \u0111\u00e2y, b\u1ea1n c\u00f3 th\u1ec3 t\u00ecm \u0111\u01b0\u1ee3c c\u00e1c th\u00f4ng tin th\u1ec3 thao h\u1eefu \u00edch, ch\u00ednh x\u00e1c v\u00e0 \u0111\u1ea3m b\u1ea3o c\u1eadp nh\u1eadt li\u00ean t\u1ee5c nh\u1eefng tin t\u1ee9c n\u00f3ng h\u1ed5i m\u1ed7i ng\u00e0y.&nbsp;<\/p>\n\n\n\n<p>AmazingBet l\u00e0 \u0111\u1ecba ch\u1ec9 c\u1ef1c k\u1ef3 uy t\u00edn v\u00e0 l\u00e0 \u0111i\u1ec3m \u0111\u1ebfn m\u00e0 b\u1ea5t k\u1ef3 c\u01b0\u1ee3c th\u1ee7 n\u00e0o c\u0169ng c\u1ea7n bi\u1ebft. \u0110\u1ebfn v\u1edbi ch\u00fang t\u00f4i, b\u1ea1n s\u1ebd \u0111\u01b0\u1ee3c bi\u1ebft \u0111\u1ebfn nh\u1eefng m\u1eb9o c\u00e1 c\u01b0\u1ee3c b\u00f3ng \u0111\u00e1 hay nh\u1ea5t, nh\u1eefng k\u00e8o c\u01b0\u1ee3c d\u00e0nh cho ng\u01b0\u1eddi m\u1edbi, danh s\u00e1ch <a href=\"https:\/\/www.amazing.bet\/vn\/\">nh\u00e0 c\u00e1i uy t\u00edn<\/a> v\u00e0 hi\u1ec7n \u0111\u1ea1i. C\u00e1c b\u00e0i ph\u00e2n t\u00edch \u0111\u01b0\u1ee3c cung c\u1ea5p t\u1ea1i \u0111\u00e2y \u0111\u01b0\u1ee3c t\u01b0 v\u1ea5n b\u1edfi c\u00e1c chuy\u00ean gia gi\u00e0u kinh nghi\u1ec7m, mang t\u00ednh chuy\u00ean m\u00f4n v\u00e0 l\u00e0 c\u00e1c ki\u1ebfn th\u1ee9c h\u1eefu \u00edch d\u00e0nh cho c\u01b0\u1ee3c th\u1ee7.\u00a0<\/p>\n\n\n\n<h2 class=\"wp-block-heading\">M\u1ee5c ti\u00eau ho\u1ea1t \u0111\u1ed9ng c\u1ee7a website<\/h2>\n\n\n\n<p>Trong l\u0129nh v\u1ef1c c\u00e1 c\u01b0\u1ee3c tr\u1ef1c tuy\u1ebfn c\u00f3 xu\u1ea5t hi\u1ec7n nhi\u1ec1u website th\u00f4ng tin nh\u01b0ng v\u1eabn ch\u01b0a th\u1ec3 th\u1ecfa m\u00e3n nhu c\u1ea7u c\u1ee7a ng\u01b0\u1eddi xem. V\u00ec th\u1ebf, website n\u00e0y ra \u0111\u1eddi mang \u0111\u1ebfn m\u1ed9t k\u00eanh th\u00f4ng tin h\u1eefu \u00edch t\u1ed1i \u0111a cho ng\u01b0\u1eddi d\u00f9ng. M\u1ee5c \u0111\u00edch ho\u1ea1t \u0111\u1ed9ng c\u1ee7a ch\u00fang t\u00f4i l\u00e0:<\/p>\n\n\n\n<ul class=\"wp-block-list\">\n<li>Cung c\u1ea5p m\u1ed9t k\u00eanh tin t\u1ee9c to\u00e0n di\u1ec7n v\u00e0 \u0111\u1ea7y \u0111\u1ee7 cho c\u01b0\u1ee3c th\u1ee7.<\/li>\n\n\n\n<li>Cung c\u1ea5p nh\u1eefng th\u00f4ng tin th\u1ec3 thao \u0111\u00e1ng tin c\u1eady \u0111\u1ec3 ng\u01b0\u1eddi xem c\u00f3 th\u1ec3 v\u1eadn d\u1ee5ng khi c\u00e1 c\u01b0\u1ee3c online.<\/li>\n\n\n\n<li>Chia s\u1ebb danh s\u00e1ch c\u00e1c c\u1ed5ng c\u01b0\u1ee3c uy t\u00edn nh\u1ea5t<\/li>\n\n\n\n<li>H\u1ed7 tr\u1ee3 ng\u01b0\u1eddi ch\u01a1i m\u1edbi c\u00f3 ki\u1ebfn th\u1ee9c \u0111\u1ec3 tham gia c\u00e1 c\u01b0\u1ee3c tr\u1ef1c tuy\u1ebfn tr\u00ean nh\u00e0 c\u00e1i.<\/li>\n\n\n\n<li>Chia s\u1ebb l\u1eddi khuy\u00ean h\u1eefu \u00edch t\u1eeb nh\u1eefng chuy\u00ean gia trong l\u0129nh v\u1ef1c c\u00e1 c\u01b0\u1ee3c tr\u1ef1c tuy\u1ebfn.<\/li>\n\n\n\n<li>C\u1eadp nh\u1eadt c\u00e1c tin t\u1ee9c th\u1ec3 thao n\u1ed5i b\u1eadt m\u1ed9t c\u00e1ch nhanh ch\u00f3ng \u0111\u1ec3 mang \u0111\u1ebfn cho ng\u01b0\u1eddi xem.<\/li>\n<\/ul>\n\n\n\n<h2 class=\"wp-block-heading\">Ti\u00eau ch\u00ed ch\u00fang t\u00f4i \u00e1p d\u1ee5ng \u0111\u1ec3 \u0111\u00e1nh gi\u00e1 nh\u00e0 c\u00e1i<\/h2>\n\n\n\n<p>AmazingBet cung c\u1ea5p danh s\u00e1ch c\u00e1c nh\u00e0 c\u00e1i t\u1ed1t nh\u1ea5t d\u1ef1a v\u00e0o vi\u1ec7c \u0111\u00e1nh gi\u00e1 website c\u00e1 c\u01b0\u1ee3c d\u1ef1a tr\u00ean nh\u1eefng ti\u00eau ch\u00ed c\u1ee5 th\u1ec3 nh\u01b0 sau:<\/p>\n\n\n\n<ul class=\"wp-block-list\">\n<li>Ch\u1ee9ng ch\u1ec9 kinh doanh m\u00e0 nh\u00e0 c\u00e1i s\u1edf h\u1eefu<\/li>\n\n\n\n<li>Giao di\u1ec7n website v\u00e0 giao di\u1ec7n \u1ee9ng d\u1ee5ng cho \u0111i\u1ec7n tho\u1ea1i<\/li>\n\n\n\n<li>Ph\u01b0\u01a1ng ph\u00e1p thanh to\u00e1n v\u00e0 th\u1eddi gian x\u1eed l\u00fd l\u1ec7nh giao d\u1ecbch<\/li>\n\n\n\n<li>S\u1ea3n ph\u1ea9m c\u01b0\u1ee3c v\u00e0 s\u1ef1 \u0111a d\u1ea1ng trong k\u00e8o c\u01b0\u1ee3c cho m\u1ed7i s\u1ea3n ph\u1ea9m ri\u00eang<\/li>\n\n\n\n<li>D\u1ecbch v\u1ee5 ch\u0103m s\u00f3c v\u00e0 t\u01b0 v\u1ea5n cho ng\u01b0\u1eddi ch\u01a1i tr\u00ean &nbsp;nh\u00e0 c\u00e1i<\/li>\n\n\n\n<li>Ch\u1ebf \u0111\u1ed9 b\u1ea3o m\u1eadt v\u00e0 cam k\u1ebft tr\u00e1ch nhi\u1ec7m<\/li>\n<\/ul>\n\n\n\n<p>AmazingBet l\u00e0 \u0111\u1ecba ch\u1ec9 \u0111\u00e1ng t\u1ef1 h\u00e0o, chuy\u00ean gia trong vi\u1ec7c cung c\u1ea5p th\u00f4ng tin d\u00e0nh cho c\u01b0\u1ee3c th\u1ee7. H\u00e3y truy c\u1eadp website c\u1ee7a ch\u00fang t\u00f4i m\u1ed7i ng\u00e0y \u0111\u1ec3 \u0111\u1ecdc c\u00e1c b\u00e0i vi\u1ebft h\u1eefu \u00edch v\u00e0 c\u00e1 c\u01b0\u1ee3c ng\u00e0y c\u00e0ng th\u00e0nh c\u00f4ng h\u01a1n!<\/p>\n","protected":false},"excerpt":{"rendered":"<p>AmazingBet l\u00e0 m\u1ed9t trang tin t\u1ee9c n\u01a1i b\u1ea1n \u0111\u1ecdc c\u00f3 th\u1ec3 truy &#8230; <a title=\"Gi\u1edbi thi\u1ec7u AmazingBet\" class=\"read-more\" href=\"https:\/\/www.amazing.bet\/vn\/about-us\/\" aria-label=\"Read more about Gi\u1edbi thi\u1ec7u AmazingBet\">T\u00ecm hi\u1ec3u th\u00eam<\/a><\/p>\n","protected":false},"author":3,"featured_media":0,"parent":0,"menu_order":0,"comment_status":"closed","ping_status":"closed","template":"","meta":{"footnotes":""},"class_list":["post-85","page","type-page","status-publish"],"yoast_head":"<!-- This site is optimized with the Yoast SEO plugin v27.1.1 - https:\/\/yoast.com\/product\/yoast-seo-wordpress\/ -->\n<title>Gi\u1edbi thi\u1ec7u AmazingBet<\/title>\n<meta name=\"robots\" content=\"index, follow, max-snippet:-1, max-image-preview:large, max-video-preview:-1\" \/>\n<link rel=\"canonical\" href=\"https:\/\/www.amazing.bet\/vn\/about-us\/\" \/>\n<meta property=\"og:locale\" content=\"th_TH\" \/>\n<meta property=\"og:type\" content=\"article\" \/>\n<meta property=\"og:title\" content=\"Gi\u1edbi thi\u1ec7u AmazingBet\" \/>\n<meta property=\"og:description\" content=\"AmazingBet l\u00e0 m\u1ed9t trang tin t\u1ee9c n\u01a1i b\u1ea1n \u0111\u1ecdc c\u00f3 th\u1ec3 truy ... T\u00ecm hi\u1ec3u th\u00eam\" \/>\n<meta property=\"og:url\" content=\"https:\/\/www.amazing.bet\/vn\/about-us\/\" \/>\n<meta property=\"og:site_name\" content=\"Nh\u00e0 c\u00e1i uy t\u00edn Amazing.bet\" \/>\n<meta property=\"article:modified_time\" content=\"2024-02-10T19:09:22+00:00\" \/>\n<meta name=\"twitter:card\" content=\"summary_large_image\" \/>\n<meta name=\"twitter:label1\" content=\"Est. reading time\" \/>\n\t<meta name=\"twitter:data1\" content=\"3 \u0e19\u0e32\u0e17\u0e35\" \/>\n<script type=\"application\/ld+json\" class=\"yoast-schema-graph\">{\"@context\":\"https:\/\/schema.org\",\"@graph\":[{\"@type\":\"WebPage\",\"@id\":\"https:\/\/www.amazing.bet\/vn\/about-us\/\",\"url\":\"https:\/\/www.amazing.bet\/vn\/about-us\/\",\"name\":\"Gi\u1edbi thi\u1ec7u AmazingBet\",\"isPartOf\":{\"@id\":\"https:\/\/www.amazing.bet\/vn\/#website\"},\"datePublished\":\"2024-02-10T19:09:21+00:00\",\"dateModified\":\"2024-02-10T19:09:22+00:00\",\"breadcrumb\":{\"@id\":\"https:\/\/www.amazing.bet\/vn\/about-us\/#breadcrumb\"},\"inLanguage\":\"th\",\"potentialAction\":[{\"@type\":\"ReadAction\",\"target\":[\"https:\/\/www.amazing.bet\/vn\/about-us\/\"]}]},{\"@type\":\"BreadcrumbList\",\"@id\":\"https:\/\/www.amazing.bet\/vn\/about-us\/#breadcrumb\",\"itemListElement\":[{\"@type\":\"ListItem\",\"position\":1,\"name\":\"Home\",\"item\":\"https:\/\/www.amazing.bet\/vn\/\"},{\"@type\":\"ListItem\",\"position\":2,\"name\":\"Gi\u1edbi thi\u1ec7u AmazingBet\"}]},{\"@type\":\"WebSite\",\"@id\":\"https:\/\/www.amazing.bet\/vn\/#website\",\"url\":\"https:\/\/www.amazing.bet\/vn\/\",\"name\":\"Nh\u00e0 c\u00e1i uy t\u00edn Amazing.bet\",\"description\":\"Top 9 Nh\u00e0 C\u00e1i Uy T\u00edn Nh\u1ea5t Vi\u1ec7t Nam\",\"publisher\":{\"@id\":\"https:\/\/www.amazing.bet\/vn\/#organization\"},\"potentialAction\":[{\"@type\":\"SearchAction\",\"target\":{\"@type\":\"EntryPoint\",\"urlTemplate\":\"https:\/\/www.amazing.bet\/vn\/?s={search_term_string}\"},\"query-input\":{\"@type\":\"PropertyValueSpecification\",\"valueRequired\":true,\"valueName\":\"search_term_string\"}}],\"inLanguage\":\"th\"},{\"@type\":\"Organization\",\"@id\":\"https:\/\/www.amazing.bet\/vn\/#organization\",\"name\":\"Nh\u00e0 c\u00e1i uy t\u00edn Amazing.bet\",\"url\":\"https:\/\/www.amazing.bet\/vn\/\",\"logo\":{\"@type\":\"ImageObject\",\"inLanguage\":\"th\",\"@id\":\"https:\/\/www.amazing.bet\/vn\/#\/schema\/logo\/image\/\",\"url\":\"https:\/\/www.amazing.bet\/vn\/wp-content\/uploads\/2024\/03\/abet-logo.png\",\"contentUrl\":\"https:\/\/www.amazing.bet\/vn\/wp-content\/uploads\/2024\/03\/abet-logo.png\",\"width\":148,\"height\":22,\"caption\":\"Nh\u00e0 c\u00e1i uy t\u00edn Amazing.bet\"},\"image\":{\"@id\":\"https:\/\/www.amazing.bet\/vn\/#\/schema\/logo\/image\/\"}}]}<\/script>\n<!-- \/ Yoast SEO plugin. -->","yoast_head_json":{"title":"Gi\u1edbi thi\u1ec7u AmazingBet","robots":{"index":"index","follow":"follow","max-snippet":"max-snippet:-1","max-image-preview":"max-image-preview:large","max-video-preview":"max-video-preview:-1"},"canonical":"https:\/\/www.amazing.bet\/vn\/about-us\/","og_locale":"th_TH","og_type":"article","og_title":"Gi\u1edbi thi\u1ec7u AmazingBet","og_description":"AmazingBet l\u00e0 m\u1ed9t trang tin t\u1ee9c n\u01a1i b\u1ea1n \u0111\u1ecdc c\u00f3 th\u1ec3 truy ... T\u00ecm hi\u1ec3u th\u00eam","og_url":"https:\/\/www.amazing.bet\/vn\/about-us\/","og_site_name":"Nh\u00e0 c\u00e1i uy t\u00edn Amazing.bet","article_modified_time":"2024-02-10T19:09:22+00:00","twitter_card":"summary_large_image","twitter_misc":{"Est. reading time":"3 \u0e19\u0e32\u0e17\u0e35"},"schema":{"@context":"https:\/\/schema.org","@graph":[{"@type":"WebPage","@id":"https:\/\/www.amazing.bet\/vn\/about-us\/","url":"https:\/\/www.amazing.bet\/vn\/about-us\/","name":"Gi\u1edbi thi\u1ec7u AmazingBet","isPartOf":{"@id":"https:\/\/www.amazing.bet\/vn\/#website"},"datePublished":"2024-02-10T19:09:21+00:00","dateModified":"2024-02-10T19:09:22+00:00","breadcrumb":{"@id":"https:\/\/www.amazing.bet\/vn\/about-us\/#breadcrumb"},"inLanguage":"th","potentialAction":[{"@type":"ReadAction","target":["https:\/\/www.amazing.bet\/vn\/about-us\/"]}]},{"@type":"BreadcrumbList","@id":"https:\/\/www.amazing.bet\/vn\/about-us\/#breadcrumb","itemListElement":[{"@type":"ListItem","position":1,"name":"Home","item":"https:\/\/www.amazing.bet\/vn\/"},{"@type":"ListItem","position":2,"name":"Gi\u1edbi thi\u1ec7u AmazingBet"}]},{"@type":"WebSite","@id":"https:\/\/www.amazing.bet\/vn\/#website","url":"https:\/\/www.amazing.bet\/vn\/","name":"Nh\u00e0 c\u00e1i uy t\u00edn Amazing.bet","description":"Top 9 Nh\u00e0 C\u00e1i Uy T\u00edn Nh\u1ea5t Vi\u1ec7t Nam","publisher":{"@id":"https:\/\/www.amazing.bet\/vn\/#organization"},"potentialAction":[{"@type":"SearchAction","target":{"@type":"EntryPoint","urlTemplate":"https:\/\/www.amazing.bet\/vn\/?s={search_term_string}"},"query-input":{"@type":"PropertyValueSpecification","valueRequired":true,"valueName":"search_term_string"}}],"inLanguage":"th"},{"@type":"Organization","@id":"https:\/\/www.amazing.bet\/vn\/#organization","name":"Nh\u00e0 c\u00e1i uy t\u00edn Amazing.bet","url":"https:\/\/www.amazing.bet\/vn\/","logo":{"@type":"ImageObject","inLanguage":"th","@id":"https:\/\/www.amazing.bet\/vn\/#\/schema\/logo\/image\/","url":"https:\/\/www.amazing.bet\/vn\/wp-content\/uploads\/2024\/03\/abet-logo.png","contentUrl":"https:\/\/www.amazing.bet\/vn\/wp-content\/uploads\/2024\/03\/abet-logo.png","width":148,"height":22,"caption":"Nh\u00e0 c\u00e1i uy t\u00edn Amazing.bet"},"image":{"@id":"https:\/\/www.amazing.bet\/vn\/#\/schema\/logo\/image\/"}}]}},"amp_enabled":true,"_links":{"self":[{"href":"https:\/\/www.amazing.bet\/vn\/wp-json\/wp\/v2\/pages\/85","targetHints":{"allow":["GET"]}}],"collection":[{"href":"https:\/\/www.amazing.bet\/vn\/wp-json\/wp\/v2\/pages"}],"about":[{"href":"https:\/\/www.amazing.bet\/vn\/wp-json\/wp\/v2\/types\/page"}],"author":[{"embeddable":true,"href":"https:\/\/www.amazing.bet\/vn\/wp-json\/wp\/v2\/users\/3"}],"replies":[{"embeddable":true,"href":"https:\/\/www.amazing.bet\/vn\/wp-json\/wp\/v2\/comments?post=85"}],"version-history":[{"count":2,"href":"https:\/\/www.amazing.bet\/vn\/wp-json\/wp\/v2\/pages\/85\/revisions"}],"predecessor-version":[{"id":747,"href":"https:\/\/www.amazing.bet\/vn\/wp-json\/wp\/v2\/pages\/85\/revisions\/747"}],"wp:attachment":[{"href":"https:\/\/www.amazing.bet\/vn\/wp-json\/wp\/v2\/media?parent=85"}],"curies":[{"name":"wp","href":"https:\/\/api.w.org\/{rel}","templated":true}]}}